{"id":1490,"date":"2023-06-13T14:13:47","date_gmt":"2023-06-13T14:13:47","guid":{"rendered":"https:\/\/www.fichierprospects.online\/?page_id=1490"},"modified":"2023-06-13T14:22:06","modified_gmt":"2023-06-13T14:22:06","slug":"creez-votre-presence-en-ligne-avec-une-agence-digitale-a-casablanca-generation-des-leads-et-creation-site-web","status":"publish","type":"page","link":"https:\/\/www.fichierprospects.online\/index.php\/creez-votre-presence-en-ligne-avec-une-agence-digitale-a-casablanca-generation-des-leads-et-creation-site-web\/","title":{"rendered":"Cr\u00e9ez votre pr\u00e9sence en ligne avec une Agence Digitale \u00e0 Casablanca: g\u00e9n\u00e9ration des leads et cr\u00e9ation site web"},"content":{"rendered":"\t\t<div data-elementor-type=\"wp-page\" data-elementor-id=\"1490\" class=\"elementor elementor-1490\" data-elementor-settings=\"[]\">\n\t\t\t\t\t\t<div class=\"elementor-inner\">\n\t\t\t\t\t\t\t<div class=\"elementor-section-wrap\">\n\t\t\t\t\t\t\t<section class=\"elementor-section elementor-top-section elementor-element elementor-element-c5541a1 elementor-section-boxed elementor-section-height-default elementor-section-height-default\" data-id=\"c5541a1\" data-element_type=\"section\">\n\t\t\t\t\t\t<div class=\"elementor-container elementor-column-gap-default\">\n\t\t\t\t\t\t\t<div class=\"elementor-row\">\n\t\t\t\t\t<div class=\"elementor-column elementor-col-100 elementor-top-column elementor-element elementor-element-eddfb85\" data-id=\"eddfb85\" data-element_type=\"column\">\n\t\t\t<div class=\"elementor-column-wrap elementor-element-populated\">\n\t\t\t\t\t\t\t<div class=\"elementor-widget-wrap\">\n\t\t\t\t\t\t<div class=\"elementor-element elementor-element-0f429e9 elementor-widget elementor-widget-heading\" data-id=\"0f429e9\" data-element_type=\"widget\" data-widget_type=\"heading.default\">\n\t\t\t\t<div class=\"elementor-widget-container\">\n\t\t\t<h1 class=\"elementor-heading-title elementor-size-default\">Agence Digitale \u00e0 Casablanca : g\u00e9n\u00e9ration de leads et cr\u00e9ation de site web<\/h1>\t\t<\/div>\n\t\t\t\t<\/div>\n\t\t\t\t<div class=\"elementor-element elementor-element-076f5cb elementor-widget elementor-widget-text-editor\" data-id=\"076f5cb\" data-element_type=\"widget\" data-widget_type=\"text-editor.default\">\n\t\t\t\t<div class=\"elementor-widget-container\">\n\t\t\t\t\t\t\t\t<div class=\"elementor-text-editor elementor-clearfix\">\n\t\t\t\t<p>il est essentiel pour les entreprises de toutes tailles de se d\u00e9marquer en ligne. Pour atteindre cet objectif, il est souvent n\u00e9cessaire de faire appel \u00e0 une agence digitale sp\u00e9cialis\u00e9e dans la g\u00e9n\u00e9ration de leads et la cr\u00e9ation de sites web. Dans cet article, nous explorerons comment une <span style=\"color: #ff6600;\"><a style=\"color: #ff6600;\" href=\"http:\/\/www.gzamdigitale.ma\"><strong>agence digitale \u00a0Casablanca<\/strong><\/a><\/span> peut vous aider \u00e0 cr\u00e9er une pr\u00e9sence en ligne efficace, attirer de nouveaux clients potentiels et augmenter votre visibilit\u00e9 sur Internet<\/p>\t\t\t\t\t<\/div>\n\t\t\t\t\t\t<\/div>\n\t\t\t\t<\/div>\n\t\t\t\t\t\t<\/div>\n\t\t\t\t\t<\/div>\n\t\t<\/div>\n\t\t\t\t\t\t\t\t<\/div>\n\t\t\t\t\t<\/div>\n\t\t<\/section>\n\t\t\t\t<section class=\"elementor-section elementor-top-section elementor-element elementor-element-ced2115 elementor-section-boxed elementor-section-height-default elementor-section-height-default\" data-id=\"ced2115\" data-element_type=\"section\">\n\t\t\t\t\t\t<div class=\"elementor-container elementor-column-gap-default\">\n\t\t\t\t\t\t\t<div class=\"elementor-row\">\n\t\t\t\t\t<div class=\"elementor-column elementor-col-100 elementor-top-column elementor-element elementor-element-068a775\" data-id=\"068a775\" data-element_type=\"column\">\n\t\t\t<div class=\"elementor-column-wrap elementor-element-populated\">\n\t\t\t\t\t\t\t<div class=\"elementor-widget-wrap\">\n\t\t\t\t\t\t<div class=\"elementor-element elementor-element-018db6a elementor-widget elementor-widget-image\" data-id=\"018db6a\" data-element_type=\"widget\" data-widget_type=\"image.default\">\n\t\t\t\t<div class=\"elementor-widget-container\">\n\t\t\t\t\t\t\t\t<div class=\"elementor-image\">\n\t\t\t\t\t\t\t\t\t\t\t\t<img loading=\"lazy\" decoding=\"async\" width=\"580\" height=\"559\" src=\"https:\/\/www.fichierprospects.online\/wp-content\/uploads\/2020\/09\/digital-agency-about-img.jpg\" class=\"attachment-large size-large\" alt=\"fournisseur lead\" srcset=\"https:\/\/www.fichierprospects.online\/wp-content\/uploads\/2020\/09\/digital-agency-about-img.jpg 580w, https:\/\/www.fichierprospects.online\/wp-content\/uploads\/2020\/09\/digital-agency-about-img-300x289.jpg 300w\" sizes=\"auto, (max-width: 580px) 100vw, 580px\" \/>\t\t\t\t\t\t\t\t\t\t\t\t\t\t<\/div>\n\t\t\t\t\t\t<\/div>\n\t\t\t\t<\/div>\n\t\t\t\t\t\t<\/div>\n\t\t\t\t\t<\/div>\n\t\t<\/div>\n\t\t\t\t\t\t\t\t<\/div>\n\t\t\t\t\t<\/div>\n\t\t<\/section>\n\t\t\t\t<section class=\"elementor-section elementor-top-section elementor-element elementor-element-c973938 elementor-section-boxed elementor-section-height-default elementor-section-height-default\" data-id=\"c973938\" data-element_type=\"section\">\n\t\t\t\t\t\t<div class=\"elementor-container elementor-column-gap-default\">\n\t\t\t\t\t\t\t<div class=\"elementor-row\">\n\t\t\t\t\t<div class=\"elementor-column elementor-col-100 elementor-top-column elementor-element elementor-element-e6a6527\" data-id=\"e6a6527\" data-element_type=\"column\">\n\t\t\t<div class=\"elementor-column-wrap elementor-element-populated\">\n\t\t\t\t\t\t\t<div class=\"elementor-widget-wrap\">\n\t\t\t\t\t\t<div class=\"elementor-element elementor-element-e98cad7 elementor-widget elementor-widget-heading\" data-id=\"e98cad7\" data-element_type=\"widget\" data-widget_type=\"heading.default\">\n\t\t\t\t<div class=\"elementor-widget-container\">\n\t\t\t<h1 class=\"elementor-heading-title elementor-size-default\">L'importance d'une pr\u00e9sence en ligne:<\/h1>\t\t<\/div>\n\t\t\t\t<\/div>\n\t\t\t\t<div class=\"elementor-element elementor-element-3bbbd20 elementor-widget elementor-widget-text-editor\" data-id=\"3bbbd20\" data-element_type=\"widget\" data-widget_type=\"text-editor.default\">\n\t\t\t\t<div class=\"elementor-widget-container\">\n\t\t\t\t\t\t\t\t<div class=\"elementor-text-editor elementor-clearfix\">\n\t\t\t\t<p>Dans un march\u00e9 de plus en plus comp\u00e9titif, il est essentiel pour les entreprises de disposer d&#8217;une pr\u00e9sence en ligne solide. Une agence digitale peut vous aider \u00e0 cr\u00e9er une identit\u00e9 en ligne qui correspond \u00e0 votre marque et \u00e0 vos objectifs commerciaux. De plus, une pr\u00e9sence en ligne bien optimis\u00e9e peut vous aider \u00e0 atteindre de nouveaux march\u00e9s et \u00e0 toucher un public plus large.<\/p><p>\u00a0<\/p>\t\t\t\t\t<\/div>\n\t\t\t\t\t\t<\/div>\n\t\t\t\t<\/div>\n\t\t\t\t\t\t<\/div>\n\t\t\t\t\t<\/div>\n\t\t<\/div>\n\t\t\t\t\t\t\t\t<\/div>\n\t\t\t\t\t<\/div>\n\t\t<\/section>\n\t\t\t\t<section class=\"elementor-section elementor-top-section elementor-element elementor-element-ce3503c elementor-section-boxed elementor-section-height-default elementor-section-height-default\" data-id=\"ce3503c\" data-element_type=\"section\">\n\t\t\t\t\t\t<div class=\"elementor-container elementor-column-gap-default\">\n\t\t\t\t\t\t\t<div class=\"elementor-row\">\n\t\t\t\t\t<div class=\"elementor-column elementor-col-100 elementor-top-column elementor-element elementor-element-229664c\" data-id=\"229664c\" data-element_type=\"column\">\n\t\t\t<div class=\"elementor-column-wrap elementor-element-populated\">\n\t\t\t\t\t\t\t<div class=\"elementor-widget-wrap\">\n\t\t\t\t\t\t<div class=\"elementor-element elementor-element-7021ef2 elementor-widget elementor-widget-heading\" data-id=\"7021ef2\" data-element_type=\"widget\" data-widget_type=\"heading.default\">\n\t\t\t\t<div class=\"elementor-widget-container\">\n\t\t\t<h1 class=\"elementor-heading-title elementor-size-default\">G\u00e9n\u00e9ration de leads:\n<\/h1>\t\t<\/div>\n\t\t\t\t<\/div>\n\t\t\t\t<div class=\"elementor-element elementor-element-740c710 elementor-widget elementor-widget-text-editor\" data-id=\"740c710\" data-element_type=\"widget\" data-widget_type=\"text-editor.default\">\n\t\t\t\t<div class=\"elementor-widget-container\">\n\t\t\t\t\t\t\t\t<div class=\"elementor-text-editor elementor-clearfix\">\n\t\t\t\t<p>La <span style=\"color: #ff6600;\"><strong>g\u00e9n\u00e9ration de leads<\/strong><\/span> est un \u00e9l\u00e9ment cl\u00e9 de toute strat\u00e9gie de marketing en ligne r\u00e9ussie. Une agence digitale exp\u00e9riment\u00e9e \u00e0 Casablanca peut mettre en place des tactiques efficaces pour attirer des leads qualifi\u00e9s vers votre entreprise. Cela peut inclure des campagnes publicitaires cibl\u00e9es, des strat\u00e9gies de r\u00e9f\u00e9rencement (SEO), des publications sur les r\u00e9seaux sociaux et la cr\u00e9ation de contenus engageants. En travaillant avec une agence digitale, vous pouvez maximiser vos chances de convertir ces leads en clients r\u00e9els.<\/p>\t\t\t\t\t<\/div>\n\t\t\t\t\t\t<\/div>\n\t\t\t\t<\/div>\n\t\t\t\t\t\t<\/div>\n\t\t\t\t\t<\/div>\n\t\t<\/div>\n\t\t\t\t\t\t\t\t<\/div>\n\t\t\t\t\t<\/div>\n\t\t<\/section>\n\t\t\t\t<section class=\"elementor-section elementor-top-section elementor-element elementor-element-3eabe94 elementor-section-boxed elementor-section-height-default elementor-section-height-default\" data-id=\"3eabe94\" data-element_type=\"section\">\n\t\t\t\t\t\t<div class=\"elementor-container elementor-column-gap-default\">\n\t\t\t\t\t\t\t<div class=\"elementor-row\">\n\t\t\t\t\t<div class=\"elementor-column elementor-col-100 elementor-top-column elementor-element elementor-element-b5b3661\" data-id=\"b5b3661\" data-element_type=\"column\">\n\t\t\t<div class=\"elementor-column-wrap elementor-element-populated\">\n\t\t\t\t\t\t\t<div class=\"elementor-widget-wrap\">\n\t\t\t\t\t\t<div class=\"elementor-element elementor-element-6033257 elementor-widget elementor-widget-heading\" data-id=\"6033257\" data-element_type=\"widget\" data-widget_type=\"heading.default\">\n\t\t\t\t<div class=\"elementor-widget-container\">\n\t\t\t<h1 class=\"elementor-heading-title elementor-size-default\">Cr\u00e9ation de site web:<\/h1>\t\t<\/div>\n\t\t\t\t<\/div>\n\t\t\t\t<div class=\"elementor-element elementor-element-230c92b elementor-widget elementor-widget-text-editor\" data-id=\"230c92b\" data-element_type=\"widget\" data-widget_type=\"text-editor.default\">\n\t\t\t\t<div class=\"elementor-widget-container\">\n\t\t\t\t\t\t\t\t<div class=\"elementor-text-editor elementor-clearfix\">\n\t\t\t\t<p>Un<span style=\"color: #ff6600;\"> <strong>site web<\/strong><\/span> bien con\u00e7u et convivial est essentiel pour r\u00e9ussir en ligne. Une agence digitale \u00e0 Casablanca peut vous aider \u00e0 cr\u00e9er un site web attrayant, optimis\u00e9 pour les moteurs de recherche, et adapt\u00e9 \u00e0 votre public cible. Ils peuvent prendre en charge tous les aspects du processus, de la conception graphique \u00e0 la programmation, en passant par l&#8217;int\u00e9gration des fonctionnalit\u00e9s n\u00e9cessaires. Un site web professionnel est une vitrine virtuelle pour votre entreprise et peut jouer un r\u00f4le crucial dans l&#8217;acquisition de nouveaux clients.<\/p>\t\t\t\t\t<\/div>\n\t\t\t\t\t\t<\/div>\n\t\t\t\t<\/div>\n\t\t\t\t\t\t<\/div>\n\t\t\t\t\t<\/div>\n\t\t<\/div>\n\t\t\t\t\t\t\t\t<\/div>\n\t\t\t\t\t<\/div>\n\t\t<\/section>\n\t\t\t\t<section class=\"elementor-section elementor-top-section elementor-element elementor-element-d988bb7 elementor-section-boxed elementor-section-height-default elementor-section-height-default\" data-id=\"d988bb7\" data-element_type=\"section\">\n\t\t\t\t\t\t<div class=\"elementor-container elementor-column-gap-default\">\n\t\t\t\t\t\t\t<div class=\"elementor-row\">\n\t\t\t\t\t<div class=\"elementor-column elementor-col-100 elementor-top-column elementor-element elementor-element-9892c0d\" data-id=\"9892c0d\" data-element_type=\"column\">\n\t\t\t<div class=\"elementor-column-wrap elementor-element-populated\">\n\t\t\t\t\t\t\t<div class=\"elementor-widget-wrap\">\n\t\t\t\t\t\t<div class=\"elementor-element elementor-element-078f97c elementor-widget elementor-widget-heading\" data-id=\"078f97c\" data-element_type=\"widget\" data-widget_type=\"heading.default\">\n\t\t\t\t<div class=\"elementor-widget-container\">\n\t\t\t<h1 class=\"elementor-heading-title elementor-size-default\">Optimisation pour les moteurs de recherche (SEO):<\/h1>\t\t<\/div>\n\t\t\t\t<\/div>\n\t\t\t\t<div class=\"elementor-element elementor-element-12b11d3 elementor-widget elementor-widget-text-editor\" data-id=\"12b11d3\" data-element_type=\"widget\" data-widget_type=\"text-editor.default\">\n\t\t\t\t<div class=\"elementor-widget-container\">\n\t\t\t\t\t\t\t\t<div class=\"elementor-text-editor elementor-clearfix\">\n\t\t\t\t<p><strong>Une agence digitale GZAM \u00e0 Casablanca<\/strong> sera au fait des derni\u00e8res techniques de r\u00e9f\u00e9rencement pour vous aider \u00e0 am\u00e9liorer votre visibilit\u00e9 sur les moteurs de recherche. L&#8217;<span style=\"color: #ff6600;\"><strong>optimisation pour les moteurs de recherche (SEO)<\/strong><\/span> comprend des \u00e9l\u00e9ments tels que la recherche de mots cl\u00e9s pertinents, l&#8217;optimisation de la structure du site, l&#8217;am\u00e9lioration de la vitesse de chargement des pages et la cr\u00e9ation de contenu de qualit\u00e9. En travaillant avec une agence digitale exp\u00e9riment\u00e9e, vous pouvez vous assurer que votre site web est bien positionn\u00e9 dans les r\u00e9sultats de recherche pertinents, augmentant ainsi les chances d&#8217;attirer des clients potentiels.<\/p>\t\t\t\t\t<\/div>\n\t\t\t\t\t\t<\/div>\n\t\t\t\t<\/div>\n\t\t\t\t\t\t<\/div>\n\t\t\t\t\t<\/div>\n\t\t<\/div>\n\t\t\t\t\t\t\t\t<\/div>\n\t\t\t\t\t<\/div>\n\t\t<\/section>\n\t\t\t\t<section class=\"elementor-section elementor-top-section elementor-element elementor-element-caa5a34 elementor-section-boxed elementor-section-height-default elementor-section-height-default\" data-id=\"caa5a34\" data-element_type=\"section\">\n\t\t\t\t\t\t<div class=\"elementor-container elementor-column-gap-default\">\n\t\t\t\t\t\t\t<div class=\"elementor-row\">\n\t\t\t\t\t<div class=\"elementor-column elementor-col-100 elementor-top-column elementor-element elementor-element-cb3c509\" data-id=\"cb3c509\" data-element_type=\"column\">\n\t\t\t<div class=\"elementor-column-wrap elementor-element-populated\">\n\t\t\t\t\t\t\t<div class=\"elementor-widget-wrap\">\n\t\t\t\t\t\t<div class=\"elementor-element elementor-element-12dd3de elementor-widget elementor-widget-image\" data-id=\"12dd3de\" data-element_type=\"widget\" data-widget_type=\"image.default\">\n\t\t\t\t<div class=\"elementor-widget-container\">\n\t\t\t\t\t\t\t\t<div class=\"elementor-image\">\n\t\t\t\t\t\t\t\t\t\t\t\t<img loading=\"lazy\" decoding=\"async\" width=\"1024\" height=\"576\" src=\"https:\/\/www.fichierprospects.online\/wp-content\/uploads\/2019\/04\/x-1024x576.jpg\" class=\"attachment-large size-large\" alt=\"\" srcset=\"https:\/\/www.fichierprospects.online\/wp-content\/uploads\/2019\/04\/x-1024x576.jpg 1024w, https:\/\/www.fichierprospects.online\/wp-content\/uploads\/2019\/04\/x-600x338.jpg 600w, https:\/\/www.fichierprospects.online\/wp-content\/uploads\/2019\/04\/x-300x169.jpg 300w, https:\/\/www.fichierprospects.online\/wp-content\/uploads\/2019\/04\/x-768x432.jpg 768w, https:\/\/www.fichierprospects.online\/wp-content\/uploads\/2019\/04\/x-1536x864.jpg 1536w, https:\/\/www.fichierprospects.online\/wp-content\/uploads\/2019\/04\/x.jpg 1920w\" sizes=\"auto, (max-width: 1024px) 100vw, 1024px\" \/>\t\t\t\t\t\t\t\t\t\t\t\t\t\t<\/div>\n\t\t\t\t\t\t<\/div>\n\t\t\t\t<\/div>\n\t\t\t\t\t\t<\/div>\n\t\t\t\t\t<\/div>\n\t\t<\/div>\n\t\t\t\t\t\t\t\t<\/div>\n\t\t\t\t\t<\/div>\n\t\t<\/section>\n\t\t\t\t\t\t<\/div>\n\t\t\t\t\t\t<\/div>\n\t\t\t\t\t<\/div>\n\t\t","protected":false},"excerpt":{"rendered":"<p>Agence Digitale \u00e0 Casablanca : g\u00e9n\u00e9ration de leads et cr\u00e9ation de site web il est essentiel pour les entreprises de toutes tailles de se d\u00e9marquer en ligne. Pour atteindre cet objectif, il est souvent n\u00e9cessaire de faire appel \u00e0 une agence digitale sp\u00e9cialis\u00e9e dans la g\u00e9n\u00e9ration de leads et la cr\u00e9ation de sites web. Dans [&hellip;]<\/p>\n","protected":false},"author":1,"featured_media":0,"parent":0,"menu_order":0,"comment_status":"closed","ping_status":"closed","template":"","meta":{"footnotes":""},"class_list":["post-1490","page","type-page","status-publish","hentry"],"_links":{"self":[{"href":"https:\/\/www.fichierprospects.online\/index.php\/wp-json\/wp\/v2\/pages\/1490","targetHints":{"allow":["GET"]}}],"collection":[{"href":"https:\/\/www.fichierprospects.online\/index.php\/wp-json\/wp\/v2\/pages"}],"about":[{"href":"https:\/\/www.fichierprospects.online\/index.php\/wp-json\/wp\/v2\/types\/page"}],"author":[{"embeddable":true,"href":"https:\/\/www.fichierprospects.online\/index.php\/wp-json\/wp\/v2\/users\/1"}],"replies":[{"embeddable":true,"href":"https:\/\/www.fichierprospects.online\/index.php\/wp-json\/wp\/v2\/comments?post=1490"}],"version-history":[{"count":4,"href":"https:\/\/www.fichierprospects.online\/index.php\/wp-json\/wp\/v2\/pages\/1490\/revisions"}],"predecessor-version":[{"id":1494,"href":"https:\/\/www.fichierprospects.online\/index.php\/wp-json\/wp\/v2\/pages\/1490\/revisions\/1494"}],"wp:attachment":[{"href":"https:\/\/www.fichierprospects.online\/index.php\/wp-json\/wp\/v2\/media?parent=1490"}],"curies":[{"name":"wp","href":"https:\/\/api.w.org\/{rel}","templated":true}]}}