{"id":522,"date":"2020-09-26T11:53:11","date_gmt":"2020-09-26T11:53:11","guid":{"rendered":"https:\/\/fichierprospects.online\/?page_id=522"},"modified":"2020-09-26T12:00:20","modified_gmt":"2020-09-26T12:00:20","slug":"conditions-generales-de-vente","status":"publish","type":"page","link":"https:\/\/www.fichierprospects.online\/index.php\/conditions-generales-de-vente\/","title":{"rendered":"Conditions G\u00e9n\u00e9rales de Vente"},"content":{"rendered":"\t\t<div data-elementor-type=\"wp-page\" data-elementor-id=\"522\" class=\"elementor elementor-522\" data-elementor-settings=\"[]\">\n\t\t\t\t\t\t<div class=\"elementor-inner\">\n\t\t\t\t\t\t\t<div class=\"elementor-section-wrap\">\n\t\t\t\t\t\t\t<section class=\"elementor-section elementor-top-section elementor-element elementor-element-61dbd0a elementor-section-boxed elementor-section-height-default elementor-section-height-default\" data-id=\"61dbd0a\" data-element_type=\"section\">\n\t\t\t\t\t\t<div class=\"elementor-container elementor-column-gap-default\">\n\t\t\t\t\t\t\t<div class=\"elementor-row\">\n\t\t\t\t\t<div class=\"elementor-column elementor-col-100 elementor-top-column elementor-element elementor-element-fa34aed\" data-id=\"fa34aed\" data-element_type=\"column\">\n\t\t\t<div class=\"elementor-column-wrap elementor-element-populated\">\n\t\t\t\t\t\t\t<div class=\"elementor-widget-wrap\">\n\t\t\t\t\t\t<div class=\"elementor-element elementor-element-3b269ec elementor-widget elementor-widget-heading\" data-id=\"3b269ec\" data-element_type=\"widget\" data-widget_type=\"heading.default\">\n\t\t\t\t<div class=\"elementor-widget-container\">\n\t\t\t<h2 class=\"elementor-heading-title elementor-size-default\"><ul style=\"font-size: 16px; white-space: normal; box-sizing: inherit; list-style-type: none; margin-top: -5px; margin-bottom: 0px; padding: 0px; caret-color: rgb(33, 37, 41); color: rgb(33, 37, 41); font-family: -apple-system, BlinkMacSystemFont, &quot;Segoe UI&quot;, Roboto, &quot;Helvetica Neue&quot;, Arial, sans-serif;\"><li style=\"box-sizing: inherit; display: inline; margin: 0px; padding: 0px;\"><a title=\"Mentions l\u00e9gales\" href=\"https:\/\/www.fichiers-prospect.com\/mention\" rel=\"nofollow\" style=\"box-sizing: inherit; color: rgb(52, 58, 64); transition: color 300ms ease 0s, background-color 300ms ease 0s; padding: 0px 19px 0px 0px; font-weight: 600;\">Mentions l\u00e9gales<\/a><\/li>&nbsp;<li style=\"box-sizing: inherit; display: inline; margin: 0px; padding: 0px;\"><a title=\"Conditions G\u00e9n\u00e9rales de Vente\" href=\"https:\/\/www.fichiers-prospect.com\/cgv\" rel=\"nofollow\" style=\"box-sizing: inherit; color: rgb(52, 58, 64); transition: color 300ms ease 0s, background-color 300ms ease 0s; padding: 0px 19px 0px 0px; font-weight: 600;\">Conditions G\u00e9n\u00e9rales de Vente<\/a><\/li><\/ul><\/h2>\t\t<\/div>\n\t\t\t\t<\/div>\n\t\t\t\t\t\t<\/div>\n\t\t\t\t\t<\/div>\n\t\t<\/div>\n\t\t\t\t\t\t\t\t<\/div>\n\t\t\t\t\t<\/div>\n\t\t<\/section>\n\t\t\t\t<section class=\"elementor-section elementor-top-section elementor-element elementor-element-96c7edc elementor-section-boxed elementor-section-height-default elementor-section-height-default\" data-id=\"96c7edc\" data-element_type=\"section\">\n\t\t\t\t\t\t<div class=\"elementor-container elementor-column-gap-default\">\n\t\t\t\t\t\t\t<div class=\"elementor-row\">\n\t\t\t\t\t<div class=\"elementor-column elementor-col-100 elementor-top-column elementor-element elementor-element-fbf1bb1\" data-id=\"fbf1bb1\" data-element_type=\"column\">\n\t\t\t<div class=\"elementor-column-wrap elementor-element-populated\">\n\t\t\t\t\t\t\t<div class=\"elementor-widget-wrap\">\n\t\t\t\t\t\t<div class=\"elementor-element elementor-element-69605ff elementor-widget elementor-widget-text-editor\" data-id=\"69605ff\" data-element_type=\"widget\" data-widget_type=\"text-editor.default\">\n\t\t\t\t<div class=\"elementor-widget-container\">\n\t\t\t\t\t\t\t\t<div class=\"elementor-text-editor elementor-clearfix\">\n\t\t\t\t<p><span style=\"text-decoration: underline;\">En utilisant nos services, vous acceptez les conditions ci-dessous.<\/span><\/p><p>\u00a0<\/p><p>identification du vendeur<br \/>Le site www.fichiersprospects.online est \u00e9dit\u00e9 par Assurleads dont le si\u00e8ge social est situ\u00e9 \u00e0 154 boulevard zerkouni, Casablanca (Maroc), immatricul\u00e9e au Registre du Commerce et des Soci\u00e9t\u00e9s sous le num\u00e9ro 3456568<\/p><p>\u00a0<\/p><p>Objet<br \/>Ce service en ligne permet l\u2019acc\u00e8s \u00e0 un ensemble de services et d\u2019informations en partie payants sur les entreprises. Le client, en utilisant les services du site et en validant sa commande, reconna\u00eet avoir pr\u00e9alablement pris connaissance des pr\u00e9sentes conditions g\u00e9n\u00e9rales de vente ci-dessous et les avoir accept\u00e9es sans r\u00e9serve.<\/p><p>\u00a0<\/p><p>Propri\u00e9t\u00e9 intellectuelle et commerciale des donn\u00e9es<br \/>Les fichiers entreprise vendus par fichierprospects.online\/ demeurent la propri\u00e9t\u00e9 exclusive de ce dernier ou de ses partenaires. Les bases de donn\u00e9es commercialis\u00e9es par fichierprospects.online\/ rel\u00e8vent du Code de la propri\u00e9t\u00e9 intellectuelle. Les informations fournies sur le site fichierprospects.online\/ ne peuvent \u00eatre utilis\u00e9es par un client que pour ses besoins propres, \u00e0 l\u2019exclusion de toute autre utilisation. En cons\u00e9quence, le client s\u2019engage :<br \/>&#8211; \u00e0 n\u2019utiliser les donn\u00e9es consult\u00e9es et mises \u00e0 disposition, et les informations ainsi obtenues que pour des besoins internes ou pour la transmission aux soci\u00e9t\u00e9s de personnalisation ou aux routeurs agr\u00e9\u00e9s, en exigeant desdits prestataires le respect de la plus stricte confidentialit\u00e9,<br \/>&#8211; \u00e0 ne pas les communiquer \u00e0 des tiers \u00e0 titre gratuit ou on\u00e9reux,<br \/>&#8211; \u00e0 ne pas les commercialiser directement ou indirectement en tout ou partie, notamment sous forme d\u2019\u00e9changes,<br \/>&#8211; \u00e0 ne pas reproduire en nombre, m\u00eame gratuitement, les donn\u00e9es consult\u00e9es, et les informations obtenues.<\/p><p>\u00a0<\/p><p>Responsabilit\u00e9 du client<br \/>Le client est responsable de la s\u00e9curit\u00e9 du fichier et de la confidentialit\u00e9 des informations contenues. La responsabilit\u00e9 de fichier prospects.online ne pourra \u00eatre engag\u00e9e pour l\u2019utilisation qui sera faite du fichier qui, en tout \u00e9tat de cause, devra \u00eatre conforme \u00e0 la loi 78-18 du 06 janvier 1978 ainsi que la loi n\u00b0 2004-801 du 6 aout 2004. Le client reconnait disposer de toutes les comp\u00e9tences n\u00e9cessaires pour appr\u00e9cier la qualit\u00e9 du fichier et son ad\u00e9quation \u00e0 l\u2019usage qu\u2019il compte en faire. Le client a l\u2019enti\u00e8re responsabilit\u00e9 de l\u2019utilisation des fichiers et des messages \u00e9labor\u00e9s.<\/p><p>Le client reconna\u00eet avoir, pr\u00e9alablement \u00e0 l\u2019acceptation de la commande, eu la possibilit\u00e9 d\u2019en v\u00e9rifier le d\u00e9tail, le prix, et de corriger d\u2019\u00e9ventuelles erreurs. Le client s\u2019engage \u00e0 payer la totalit\u00e9 du prix comptant \u00e0 la commande. Les tarifs pourront \u00eatre r\u00e9vis\u00e9s \u00e0 tout moment. Une facture acquitt\u00e9e est automatiquement envoy\u00e9e par email apr\u00e8s chaque achat. Traitement des commandes.<\/p><p>Garanties<br \/>Les fichiers disponibles sur notre site sont soumis \u00e0 de nombreuses qualifications et mises \u00e0 jour, pour une qualit\u00e9 optimale. Pour ses fichiers, Fichiersprospects.online vous garantit un taux d\u2019erreur maximum de quinze pour cent (20%) des emails et des num\u00e9ros de t\u00e9l\u00e9phone, 20% \u00e9tant le taux commun\u00e9ment admis dans le secteur du marketing direct. Au del\u00e0 de ce taux de 20% d&#8217;erreurs, on s\u2019engage \u00e0 remplacer tout email et num\u00e9ros de t\u00e9l\u00e9phone en erreur. L&#8217;indemnisation, qui a lieu uniquement si les contacts en erreur d\u00e9passent 20% du total des contacts achet\u00e9s, donne lieu au remplacement des erreurs par le m\u00eame nombre de nouveaux emails et num\u00e9ros de t\u00e9l\u00e9phone, ou \u00e0 l\u2019\u00e9tablissement d\u2019un avoir \u00e0 valoir sur les prochaines commandes pass\u00e9es par le client, \u00e0 l\u2019exclusion de toute autre indemnisation. Pour b\u00e9n\u00e9ficier de cette indemnisation, le client s&#8217;engage \u00e0 se manifester dans un d\u00e9lai de 7 jours \u00e0 compter de la date de livraison des contacts.<\/p>\t\t\t\t\t<\/div>\n\t\t\t\t\t\t<\/div>\n\t\t\t\t<\/div>\n\t\t\t\t\t\t<\/div>\n\t\t\t\t\t<\/div>\n\t\t<\/div>\n\t\t\t\t\t\t\t\t<\/div>\n\t\t\t\t\t<\/div>\n\t\t<\/section>\n\t\t\t\t\t\t<\/div>\n\t\t\t\t\t\t<\/div>\n\t\t\t\t\t<\/div>\n\t\t","protected":false},"excerpt":{"rendered":"<p>Mentions l\u00e9gales &nbsp; Conditions G\u00e9n\u00e9rales de Vente En utilisant nos services, vous acceptez les conditions ci-dessous. \u00a0 identification du vendeurLe site www.fichiersprospects.online est \u00e9dit\u00e9 par Assurleads dont le si\u00e8ge social est situ\u00e9 \u00e0 154 boulevard zerkouni, Casablanca (Maroc), immatricul\u00e9e au Registre du Commerce et des Soci\u00e9t\u00e9s sous le num\u00e9ro 3456568 \u00a0 ObjetCe service en ligne [&hellip;]<\/p>\n","protected":false},"author":1,"featured_media":0,"parent":0,"menu_order":0,"comment_status":"closed","ping_status":"closed","template":"","meta":{"footnotes":""},"class_list":["post-522","page","type-page","status-publish","hentry"],"_links":{"self":[{"href":"https:\/\/www.fichierprospects.online\/index.php\/wp-json\/wp\/v2\/pages\/522","targetHints":{"allow":["GET"]}}],"collection":[{"href":"https:\/\/www.fichierprospects.online\/index.php\/wp-json\/wp\/v2\/pages"}],"about":[{"href":"https:\/\/www.fichierprospects.online\/index.php\/wp-json\/wp\/v2\/types\/page"}],"author":[{"embeddable":true,"href":"https:\/\/www.fichierprospects.online\/index.php\/wp-json\/wp\/v2\/users\/1"}],"replies":[{"embeddable":true,"href":"https:\/\/www.fichierprospects.online\/index.php\/wp-json\/wp\/v2\/comments?post=522"}],"version-history":[{"count":2,"href":"https:\/\/www.fichierprospects.online\/index.php\/wp-json\/wp\/v2\/pages\/522\/revisions"}],"predecessor-version":[{"id":524,"href":"https:\/\/www.fichierprospects.online\/index.php\/wp-json\/wp\/v2\/pages\/522\/revisions\/524"}],"wp:attachment":[{"href":"https:\/\/www.fichierprospects.online\/index.php\/wp-json\/wp\/v2\/media?parent=522"}],"curies":[{"name":"wp","href":"https:\/\/api.w.org\/{rel}","templated":true}]}}