{"id":1158,"date":"2021-04-23T16:24:32","date_gmt":"2021-04-23T16:24:32","guid":{"rendered":"https:\/\/www.fichierprospects.online\/?post_type=product&#038;p=1158"},"modified":"2025-12-19T12:05:39","modified_gmt":"2025-12-19T12:05:39","slug":"leads-prevoyance-assurance","status":"publish","type":"product","link":"https:\/\/www.fichierprospects.online\/index.php\/product\/leads-prevoyance-assurance\/","title":{"rendered":"leads assurance pr\u00e9voyance 2025"},"content":{"rendered":"<p>Toutes nos leads contacts de nos prospects en mutuelle sont mises \u00e0 jour en temps r\u00e9el sur la plateforme d\u00e8s leur validation. 2<strong>0<\/strong>21<\/p>\n<p>Comment \u00e7a marche :<\/p>\n<ol>\n<li><strong>Choisissez la quantit\u00e9<\/strong><\/li>\n<li><strong>Cliquez sur &#8220;Ajouter au panier&#8221;<\/strong><br \/>\n<strong>\u00a0 <\/strong><\/li>\n<\/ol>\n<p style=\"text-align: center;\"><span style=\"color: #008000;\"><strong>\u00a0 Les leads sont en quantit\u00e9s LIMITES! Premier venu premier servi<\/strong><\/span><\/p>\n<p><img loading=\"lazy\" decoding=\"async\" class=\"size-full wp-image-1539 aligncenter\" src=\"https:\/\/www.fichierprospects.online\/wp-content\/uploads\/2021\/01\/Sans-titre-250-x-150-px-3.png\" alt=\"\" width=\"250\" height=\"150\" srcset=\"https:\/\/www.fichierprospects.online\/wp-content\/uploads\/2021\/01\/Sans-titre-250-x-150-px-3.png 250w, https:\/\/www.fichierprospects.online\/wp-content\/uploads\/2021\/01\/Sans-titre-250-x-150-px-3-248x150.png 248w\" sizes=\"auto, (max-width: 250px) 100vw, 250px\" \/><\/p>\n","protected":false},"excerpt":{"rendered":"<h2 style=\"text-align: center;\"><span style=\"color: #008000;\"><strong>Nouveau Fichier<\/strong>: Assurance pr\u00e9voyance<\/span><\/h2>\n<p>Fichier qualifi\u00e9s issus de nos plusieurs comparateurs d\u2019assurances en ligne ayant effectu\u00e9 des demandes de devis.<\/p>\n<p><strong>ENTREZ EN RELATION AVEC VOS FUTURS CLIENTS !<\/strong><\/p>\n<p><strong>Le fichier contient :<\/strong><\/p>\n<p>Informations fournies pour chaque prospect: ( Civilit\u00e9*,Nom , Pr\u00e9nom , E-mail, adresse* , code postal , ville , telephone , date naissance,Regime* \u00a0) *El\u00e9ment facultatif<\/p>\n<ul>\n<li><strong>Format Fichier<\/strong>: Excel \u2013 xlsx<\/li>\n<li><strong>R\u00e9cence des contacts<\/strong>: <span style=\"color: #339966;\"><strong>2025<\/strong><\/span><\/li>\n<\/ul>\n<p>&nbsp;<\/p>\n<p><img loading=\"lazy\" decoding=\"async\" class=\"size-full wp-image-1531 aligncenter\" src=\"https:\/\/www.fichierprospects.online\/wp-content\/uploads\/2021\/01\/paiement-securise-png-2-300x105-1.png\" alt=\"Lead mutuelle s\u00e9nior\" width=\"300\" height=\"105\" \/><\/p>\n<p><strong>Veuillez s&#8217;il vous plait de choisir la quantit\u00e9 ( <span style=\"color: #ff6600;\">Minimum commande : 1000 leads)<\/span>:<\/strong><\/p>\n<p><strong><img loading=\"lazy\" decoding=\"async\" class=\"alignnone size-full wp-image-1049\" src=\"https:\/\/www.fichierprospects.online\/wp-content\/uploads\/2021\/01\/small_down_black-512.png\" alt=\"\" width=\"35\" height=\"35\" \/><\/strong><\/p>\n<p>&nbsp;<\/p>\n","protected":false},"featured_media":1159,"comment_status":"open","ping_status":"closed","template":"","meta":[],"product_cat":[28],"product_tag":[],"class_list":["post-1158","product","type-product","status-publish","has-post-thumbnail","hentry","product_cat-assurance"],"_links":{"self":[{"href":"https:\/\/www.fichierprospects.online\/index.php\/wp-json\/wp\/v2\/product\/1158","targetHints":{"allow":["GET"]}}],"collection":[{"href":"https:\/\/www.fichierprospects.online\/index.php\/wp-json\/wp\/v2\/product"}],"about":[{"href":"https:\/\/www.fichierprospects.online\/index.php\/wp-json\/wp\/v2\/types\/product"}],"replies":[{"embeddable":true,"href":"https:\/\/www.fichierprospects.online\/index.php\/wp-json\/wp\/v2\/comments?post=1158"}],"wp:featuredmedia":[{"embeddable":true,"href":"https:\/\/www.fichierprospects.online\/index.php\/wp-json\/wp\/v2\/media\/1159"}],"wp:attachment":[{"href":"https:\/\/www.fichierprospects.online\/index.php\/wp-json\/wp\/v2\/media?parent=1158"}],"wp:term":[{"taxonomy":"product_cat","embeddable":true,"href":"https:\/\/www.fichierprospects.online\/index.php\/wp-json\/wp\/v2\/product_cat?post=1158"},{"taxonomy":"product_tag","embeddable":true,"href":"https:\/\/www.fichierprospects.online\/index.php\/wp-json\/wp\/v2\/product_tag?post=1158"}],"curies":[{"name":"wp","href":"https:\/\/api.w.org\/{rel}","templated":true}]}}