{"id":1207,"date":"2021-06-21T11:10:35","date_gmt":"2021-06-21T11:10:35","guid":{"rendered":"https:\/\/www.fichierprospects.online\/?post_type=product&#038;p=1207"},"modified":"2025-12-19T12:05:19","modified_gmt":"2025-12-19T12:05:19","slug":"achat-lead-defiscalisation-qualifies","status":"publish","type":"product","link":"https:\/\/www.fichierprospects.online\/index.php\/product\/achat-lead-defiscalisation-qualifies\/","title":{"rendered":"ACHAT LEAD D\u00c9FISCALISATION QUALIFI\u00c9S 2025"},"content":{"rendered":"<h3 style=\"text-align: center;\">Des prospects en d\u00e9fiscalisation Pinel requalifi\u00e9s par nos \u00e9quipes<\/h3>\n<p>&nbsp;<\/p>\n<p>Pour vous apporter la qualit\u00e9 que vous attendez, notre \u00e9quipe de sp\u00e9cialistes dans la g\u00e9n\u00e9ration des leads y compris \u00a0en d\u00e9fiscalisation Pinel <span class=\"text-bold\">requalifie en amont les demandes r\u00e9colt\u00e9es<\/span> depuis nos formulaires\u00a0: validation des num\u00e9ros de t\u00e9l\u00e9phone des prospects<\/p>\n<ul>\n<li><strong><span style=\"color: #339966;\">Moins de prospection<\/span><\/strong><\/li>\n<li><strong><span style=\"color: #339966;\"><i class=\"fa fa-check-circle\"><\/i>Plus de ventes et de CA<\/span><\/strong><\/li>\n<\/ul>\n","protected":false},"excerpt":{"rendered":"<p>Si vous \u00eates un conseiller en gestion de patrimoine ou un promoteur immobilier, <span class=\"text-bold\">acheter des leads en d\u00e9fiscalisation <\/span>via le dispositif Pinel vous permettra de<span class=\"text-bold\"> booster vos signatures de contrats<\/span> et\/ou de remplir rapidement vos quotas de ventes de biens immobiliers neufs.<\/p>\n<p>&nbsp;<\/p>\n<h2 style=\"text-align: center;\"><strong>Achetez les meilleurs leads qualifi\u00e9s du march\u00e9 <span style=\"color: #339966;\">2025<\/span><\/strong><\/h2>\n<p>Les demandes des contacts en d\u00e9fiscalisation sont qualifi\u00e9es car ce sont eux qui ont r\u00e9alis\u00e9 une action pour obtenir des informations sur les diff\u00e9rentes lois de d\u00e9fiscalisation. Nos prospects en d\u00e9fiscalisation ont donc r\u00e9alis\u00e9 des demandes de contacts.<\/p>\n<p><span style=\"color: #ff6600;\"><strong>Minimum commande : 1000 leads<\/strong><\/span><\/p>\n<p>&nbsp;<\/p>\n<p><strong>Le fichier contient :<\/strong><\/p>\n<p>Informations fournies pour chaque prospect: ( Nom , Pr\u00e9nom , E-mail, adresse , code postal , ville , telephone , date naissance )<\/p>\n<ul>\n<li><strong>Format Fichier<\/strong> : Excel \u2013 xlsx<\/li>\n<\/ul>\n<p><img loading=\"lazy\" decoding=\"async\" class=\"size-full wp-image-1138 aligncenter\" src=\"https:\/\/www.fichierprospects.online\/wp-content\/uploads\/2021\/04\/exemple-fichier-leads-assurances_1-2.png\" alt=\"\" width=\"983\" height=\"247\" srcset=\"https:\/\/www.fichierprospects.online\/wp-content\/uploads\/2021\/04\/exemple-fichier-leads-assurances_1-2.png 983w, https:\/\/www.fichierprospects.online\/wp-content\/uploads\/2021\/04\/exemple-fichier-leads-assurances_1-2-600x151.png 600w, https:\/\/www.fichierprospects.online\/wp-content\/uploads\/2021\/04\/exemple-fichier-leads-assurances_1-2-300x75.png 300w, https:\/\/www.fichierprospects.online\/wp-content\/uploads\/2021\/04\/exemple-fichier-leads-assurances_1-2-768x193.png 768w\" sizes=\"auto, (max-width: 983px) 100vw, 983px\" \/><\/p>\n<p>&nbsp;<\/p>\n<p>&nbsp;<\/p>\n","protected":false},"featured_media":1208,"comment_status":"open","ping_status":"closed","template":"","meta":[],"product_cat":[29],"product_tag":[],"class_list":["post-1207","product","type-product","status-publish","has-post-thumbnail","hentry","product_cat-defiscalisation"],"_links":{"self":[{"href":"https:\/\/www.fichierprospects.online\/index.php\/wp-json\/wp\/v2\/product\/1207","targetHints":{"allow":["GET"]}}],"collection":[{"href":"https:\/\/www.fichierprospects.online\/index.php\/wp-json\/wp\/v2\/product"}],"about":[{"href":"https:\/\/www.fichierprospects.online\/index.php\/wp-json\/wp\/v2\/types\/product"}],"replies":[{"embeddable":true,"href":"https:\/\/www.fichierprospects.online\/index.php\/wp-json\/wp\/v2\/comments?post=1207"}],"wp:featuredmedia":[{"embeddable":true,"href":"https:\/\/www.fichierprospects.online\/index.php\/wp-json\/wp\/v2\/media\/1208"}],"wp:attachment":[{"href":"https:\/\/www.fichierprospects.online\/index.php\/wp-json\/wp\/v2\/media?parent=1207"}],"wp:term":[{"taxonomy":"product_cat","embeddable":true,"href":"https:\/\/www.fichierprospects.online\/index.php\/wp-json\/wp\/v2\/product_cat?post=1207"},{"taxonomy":"product_tag","embeddable":true,"href":"https:\/\/www.fichierprospects.online\/index.php\/wp-json\/wp\/v2\/product_tag?post=1207"}],"curies":[{"name":"wp","href":"https:\/\/api.w.org\/{rel}","templated":true}]}}