{"id":1319,"date":"2021-12-02T13:47:49","date_gmt":"2021-12-02T13:47:49","guid":{"rendered":"https:\/\/www.fichierprospects.online\/?post_type=product&#038;p=1319"},"modified":"2025-12-19T12:05:06","modified_gmt":"2025-12-19T12:05:06","slug":"fichier-qualifies-lead-cpf-compte-personnel-de-formation","status":"publish","type":"product","link":"https:\/\/www.fichierprospects.online\/index.php\/product\/fichier-qualifies-lead-cpf-compte-personnel-de-formation\/","title":{"rendered":"FICHIER QUALIFI\u00c9S LEAD CPF 2025  : Compte personnel de formation"},"content":{"rendered":"<p>Toutes nos Fichier en <strong>CPF<\/strong> sont mises \u00e0 jour en temps r\u00e9el sur la plateforme d\u00e8s leur validation.<\/p>\n<p>Comment \u00e7a marche :<\/p>\n<ol>\n<li><strong>Choisissez la quantit\u00e9<\/strong><\/li>\n<li><strong>Cliquez sur &#8220;Ajouter au panier&#8221;<\/strong><br \/>\n<strong>\u00a0 <\/strong><\/li>\n<\/ol>\n<p style=\"text-align: center;\"><span style=\"color: #008000;\"><strong>\u00a0 Les leads sont en quantit\u00e9s LIMITES! Premier venu premier servi<\/strong><\/span><\/p>\n<p>&nbsp;<\/p>\n","protected":false},"excerpt":{"rendered":"<h2 style=\"text-align: center;\"><span style=\"color: #008000;\"><strong>Nouveau Fichier<\/strong>: CPF ( Compte personnel de formation )\u00a0<\/span><\/h2>\n<p>Fichier qualifi\u00e9s issus de nos plusieurs formulaire en ligne ayant effectu\u00e9 des demandes.<\/p>\n<p><strong>ENTREZ EN RELATION AVEC VOS FUTURS CLIENTS !<\/strong><\/p>\n<p><strong>Le fichier contient :<\/strong><\/p>\n<p>Informations fournies pour chaque prospect: ( Civilit\u00e9*,Nom , Pr\u00e9nom , E-mail, adresse* , code postal , ville , telephone , date naissance,Regime* \u00a0) *El\u00e9ment facultatif<\/p>\n<ul>\n<li><strong>Format Fichier<\/strong>: Excel \u2013 xlsx<\/li>\n<li><strong>Quantit\u00e9<\/strong> : 5000 LEADS<\/li>\n<li><strong>R\u00e9cence des contacts<\/strong>: 01\/01\/2021<strong>Au 19<\/strong>\/02\/2022<\/li>\n<li><strong>Age<\/strong> : 23 ans &#8211; 50 ans<\/li>\n<\/ul>\n<p style=\"text-align: center;\"><span style=\"color: #008000;\"><strong>TRAITEMENT BLOCTEL AVANT LIVRAISON<\/strong><\/span><\/p>\n<p>&nbsp;<\/p>\n<p><img loading=\"lazy\" decoding=\"async\" class=\"size-full wp-image-1531 aligncenter\" src=\"https:\/\/www.fichierprospects.online\/wp-content\/uploads\/2021\/01\/paiement-securise-png-2-300x105-1.png\" alt=\"Lead mutuelle s\u00e9nior\" width=\"300\" height=\"105\" \/><\/p>\n<p><strong>Veuillez s&#8217;il vous plait de choisir la quantit\u00e9:<\/strong><\/p>\n<p><strong><img loading=\"lazy\" decoding=\"async\" class=\"alignnone size-full wp-image-1049\" src=\"https:\/\/www.fichierprospects.online\/wp-content\/uploads\/2021\/01\/small_down_black-512.png\" alt=\"\" width=\"35\" height=\"35\" \/><\/strong><\/p>\n<p>&nbsp;<\/p>\n","protected":false},"featured_media":1320,"comment_status":"open","ping_status":"closed","template":"","meta":[],"product_cat":[30],"product_tag":[],"class_list":["post-1319","product","type-product","status-publish","has-post-thumbnail","hentry","product_cat-cpf"],"_links":{"self":[{"href":"https:\/\/www.fichierprospects.online\/index.php\/wp-json\/wp\/v2\/product\/1319","targetHints":{"allow":["GET"]}}],"collection":[{"href":"https:\/\/www.fichierprospects.online\/index.php\/wp-json\/wp\/v2\/product"}],"about":[{"href":"https:\/\/www.fichierprospects.online\/index.php\/wp-json\/wp\/v2\/types\/product"}],"replies":[{"embeddable":true,"href":"https:\/\/www.fichierprospects.online\/index.php\/wp-json\/wp\/v2\/comments?post=1319"}],"wp:featuredmedia":[{"embeddable":true,"href":"https:\/\/www.fichierprospects.online\/index.php\/wp-json\/wp\/v2\/media\/1320"}],"wp:attachment":[{"href":"https:\/\/www.fichierprospects.online\/index.php\/wp-json\/wp\/v2\/media?parent=1319"}],"wp:term":[{"taxonomy":"product_cat","embeddable":true,"href":"https:\/\/www.fichierprospects.online\/index.php\/wp-json\/wp\/v2\/product_cat?post=1319"},{"taxonomy":"product_tag","embeddable":true,"href":"https:\/\/www.fichierprospects.online\/index.php\/wp-json\/wp\/v2\/product_tag?post=1319"}],"curies":[{"name":"wp","href":"https:\/\/api.w.org\/{rel}","templated":true}]}}