{"id":488,"date":"2020-09-23T14:19:37","date_gmt":"2020-09-23T14:19:37","guid":{"rendered":"https:\/\/fichierprospects.online\/?post_type=product&#038;p=488"},"modified":"2025-05-01T14:07:13","modified_gmt":"2025-05-01T14:07:13","slug":"fichier-de-prospection-en-assurance-animaux","status":"publish","type":"product","link":"https:\/\/www.fichierprospects.online\/index.php\/product\/fichier-de-prospection-en-assurance-animaux\/","title":{"rendered":"Fichier de prospection en assurance animaux"},"content":{"rendered":"<p>Fichier prospects en assurance animaux sont mises \u00e0 jour en temps r\u00e9el sur la plateforme d\u00e8s leurs validations.<\/p>\n<p>Nos Leads sont hautement qualifi\u00e9s <strong>en assurance sant\u00e9 animaux, <\/strong>ils sont issus de nos comparateurs en ligne avec un taux de joignabilit\u00e9\u00a0<span class=\"st\">bien sup\u00e9rieur par rapport \u00e0 nos concurrents.<\/span><\/p>\n<p>le fichier est qualifi\u00e9 par nos services en fonction des sp\u00e9cificit\u00e9s du produit et adapt\u00e9s \u00e0 vos besoins et \u00e0 vos objectifs.<\/p>\n<p><strong>Le fichier contient :<\/strong><\/p>\n<ol>\n<li>Informations fournies pour chaque prospect: ( Nom , Pr\u00e9nom , E-mail, adresse , code postal , ville , telephone , date naissance \u00a0, nom animal , type animal , date naissance animal , type de race( pure) , race de animal )<\/li>\n<li>Format Fichier <strong>:<\/strong>Excel \u2013 xlsx<\/li>\n<li>R\u00e9cence des contacts : <strong>02\/2023<\/strong><\/li>\n<li>Quantit\u00e9: <span style=\"color: #008000;\"><strong>55879<\/strong><\/span><\/li>\n<li>Taux de conversion: &gt; <strong>3.9%<\/strong><\/li>\n<li>Traitement Bloctel avant livraison du fichier<\/li>\n<\/ol>\n<p>&nbsp;<\/p>\n<p>&nbsp;<\/p>\n<p><span class=\"st\"><strong>Les leads sont en <em>quantit\u00e9s LIMITES<\/em>!Premier venu premier servi<\/strong><\/span><\/p>\n<p>&nbsp;<\/p>\n<p>&nbsp;<\/p>\n","protected":false},"excerpt":{"rendered":"<p>Achat de lead assurance chien et chat, fiches de <em>prospection assurances<\/em> et <em>fichiers<\/em> de contacts prospect pour assureurs et courtiers.<\/p>\n<p>Contacts qualifi\u00e9s issus de nos plusieurs comparateurs d&#8217;assurances en ligne\u00a0ayant effectu\u00e9 des comparaisons de mutuelles.<\/p>\n<h2 style=\"text-align: center;\"><span style=\"color: #000000;\">Plus de leads, plus de ventes<\/span><\/h2>\n<p>Cette base de particuliers poss\u00e9dant des <b>animaux domestiques <\/b>est issu d\u2019une source officielle ( nos comparateurs en ligne) et b\u00e9n\u00e9ficie d\u2019une mise \u00e0 jour mensuelle, ce qui vous garantit d\u2019obtenir des contacts fiables et actualis\u00e9s.<\/p>\n<p><strong>Le fichier contient :<\/strong><\/p>\n<ol>\n<li>Informations fournies pour chaque prospect: ( Nom , Pr\u00e9nom , E-mail, adresse , code postal , ville , telephone , date naissance \u00a0, nom animal , type animal , date naissance animal , type de race( pure) , race de animal )<\/li>\n<li>R\u00e9cence des contacts : <strong>02\/2023<\/strong><\/li>\n<li>Quantit\u00e9: <span style=\"color: #008000;\"><strong>55879<\/strong><\/span><\/li>\n<li>Format Fichier <strong>:<\/strong>Excel \u2013 xlsx<\/li>\n<li>Traitement Bloctel avant livraison du fichier<\/li>\n<li><strong>Taux de conversion<\/strong>&gt; <strong>3.9%<\/strong><\/li>\n<\/ol>\n<p>&nbsp;<\/p>\n<p>&nbsp;<\/p>\n<blockquote><p>&nbsp;<\/p>\n<p>Une mise \u00e0 jour comprend :<br \/>\n\u2013 Contr\u00f4le de la validit\u00e9 des emails<br \/>\n\u2013 Suppression des emails en hard bounces et soft bounces<br \/>\n\u2013 Ajout des nouveaux emails en OPT-IN<\/p><\/blockquote>\n<p><img loading=\"lazy\" decoding=\"async\" class=\"size-full wp-image-1531 aligncenter\" src=\"https:\/\/www.fichierprospects.online\/wp-content\/uploads\/2021\/01\/paiement-securise-png-2-300x105-1.png\" alt=\"Lead mutuelle s\u00e9nior\" width=\"300\" height=\"105\" \/><\/p>\n","protected":false},"featured_media":518,"comment_status":"open","ping_status":"closed","template":"","meta":[],"product_cat":[28],"product_tag":[],"class_list":["post-488","product","type-product","status-publish","has-post-thumbnail","hentry","product_cat-assurance"],"_links":{"self":[{"href":"https:\/\/www.fichierprospects.online\/index.php\/wp-json\/wp\/v2\/product\/488","targetHints":{"allow":["GET"]}}],"collection":[{"href":"https:\/\/www.fichierprospects.online\/index.php\/wp-json\/wp\/v2\/product"}],"about":[{"href":"https:\/\/www.fichierprospects.online\/index.php\/wp-json\/wp\/v2\/types\/product"}],"replies":[{"embeddable":true,"href":"https:\/\/www.fichierprospects.online\/index.php\/wp-json\/wp\/v2\/comments?post=488"}],"wp:featuredmedia":[{"embeddable":true,"href":"https:\/\/www.fichierprospects.online\/index.php\/wp-json\/wp\/v2\/media\/518"}],"wp:attachment":[{"href":"https:\/\/www.fichierprospects.online\/index.php\/wp-json\/wp\/v2\/media?parent=488"}],"wp:term":[{"taxonomy":"product_cat","embeddable":true,"href":"https:\/\/www.fichierprospects.online\/index.php\/wp-json\/wp\/v2\/product_cat?post=488"},{"taxonomy":"product_tag","embeddable":true,"href":"https:\/\/www.fichierprospects.online\/index.php\/wp-json\/wp\/v2\/product_tag?post=488"}],"curies":[{"name":"wp","href":"https:\/\/api.w.org\/{rel}","templated":true}]}}