{"id":490,"date":"2020-09-23T14:27:14","date_gmt":"2020-09-23T14:27:14","guid":{"rendered":"https:\/\/fichierprospects.online\/?post_type=product&#038;p=490"},"modified":"2024-05-06T12:54:21","modified_gmt":"2024-05-06T12:54:21","slug":"fichier-prospects-en-assurance-habitation","status":"publish","type":"product","link":"https:\/\/www.fichierprospects.online\/index.php\/product\/fichier-prospects-en-assurance-habitation\/","title":{"rendered":"fichier prospects en assurance habitation"},"content":{"rendered":"<p>Toutes les fiches de nos prospects en assurance Habitation sont mises \u00e0 jour en temps r\u00e9el sur la plateforme d\u00e8s leurs validations.<\/p>\n<p>Nos Leads sont hautement qualifi\u00e9s <strong>en assurance HABITATION GLOBAL, <\/strong>ils sont issus de nos comparateurs en ligne avec un taux de transformation <span class=\"st\">bien sup\u00e9rieur par rapport \u00e0 nos concurrents.<\/span><\/p>\n<p>le fichier est qualifi\u00e9 par nos services en fonction des sp\u00e9cificit\u00e9s du produit et adapt\u00e9s \u00e0 vos besoins et \u00e0 vos objectifs.<\/p>\n<p><strong>Le fichier contient :<\/strong><\/p>\n<ol>\n<li>Informations fournies pour chaque prospect: ( Nom , Pr\u00e9nom , E-mail, adresse , code postal , ville , telephone , date naissance ,r\u00e9sidence principale\u00a0 , type habitation , code postal de l&#8217;habitation , ville habitation,nbr de pi\u00e8ces<\/li>\n<li>Format Fichier <strong>:<\/strong> Excel \u2013 xlsx<\/li>\n<li>R\u00e9cence des contacts : 09\/2023<\/li>\n<li>Nombre des leads : <span style=\"color: #008000;\"><strong>5076<\/strong><\/span><\/li>\n<li>Traitement Bloctel avant livraison du fichier<\/li>\n<\/ol>\n","protected":false},"excerpt":{"rendered":"<p>Nos leads en assurance Habitation proviennent de nos prospects ayant effectu\u00e9 des devis assurance habitation sur nos comparateurs d\u2019assurance.<\/p>\n<p><strong>Le fichier contient :<\/strong><\/p>\n<ol>\n<li>Informations fournies pour chaque prospect: ( Nom , Pr\u00e9nom , E-mail, adresse , code postal , ville , telephone , date naissance ,r\u00e9sidence principale\u00a0 , type habitation , code postal de l&#8217;habitation , ville habitation,nbr de pi\u00e8ces<\/li>\n<li>Format Fichier <strong>:<\/strong> Excel \u2013 xlsx<\/li>\n<li>R\u00e9cence des contacts : 09\/2023<\/li>\n<li>Nombre des leads : <span style=\"color: #008000;\"><strong>5076<\/strong><\/span><\/li>\n<li>Traitement Bloctel avant livraison du fichier<\/li>\n<\/ol>\n<p><img loading=\"lazy\" decoding=\"async\" class=\"size-full wp-image-1531 aligncenter\" src=\"https:\/\/www.fichierprospects.online\/wp-content\/uploads\/2021\/01\/paiement-securise-png-2-300x105-1.png\" alt=\"Lead mutuelle s\u00e9nior\" width=\"300\" height=\"105\" \/><\/p>\n","protected":false},"featured_media":520,"comment_status":"open","ping_status":"closed","template":"","meta":[],"product_cat":[28],"product_tag":[],"class_list":["post-490","product","type-product","status-publish","has-post-thumbnail","hentry","product_cat-assurance"],"_links":{"self":[{"href":"https:\/\/www.fichierprospects.online\/index.php\/wp-json\/wp\/v2\/product\/490","targetHints":{"allow":["GET"]}}],"collection":[{"href":"https:\/\/www.fichierprospects.online\/index.php\/wp-json\/wp\/v2\/product"}],"about":[{"href":"https:\/\/www.fichierprospects.online\/index.php\/wp-json\/wp\/v2\/types\/product"}],"replies":[{"embeddable":true,"href":"https:\/\/www.fichierprospects.online\/index.php\/wp-json\/wp\/v2\/comments?post=490"}],"wp:featuredmedia":[{"embeddable":true,"href":"https:\/\/www.fichierprospects.online\/index.php\/wp-json\/wp\/v2\/media\/520"}],"wp:attachment":[{"href":"https:\/\/www.fichierprospects.online\/index.php\/wp-json\/wp\/v2\/media?parent=490"}],"wp:term":[{"taxonomy":"product_cat","embeddable":true,"href":"https:\/\/www.fichierprospects.online\/index.php\/wp-json\/wp\/v2\/product_cat?post=490"},{"taxonomy":"product_tag","embeddable":true,"href":"https:\/\/www.fichierprospects.online\/index.php\/wp-json\/wp\/v2\/product_tag?post=490"}],"curies":[{"name":"wp","href":"https:\/\/api.w.org\/{rel}","templated":true}]}}