{"id":645,"date":"2020-10-19T11:25:56","date_gmt":"2020-10-19T11:25:56","guid":{"rendered":"https:\/\/www.fichierprospects.online\/?post_type=product&#038;p=645"},"modified":"2025-12-19T12:07:47","modified_gmt":"2025-12-19T12:07:47","slug":"leads-senior-mutualite","status":"publish","type":"product","link":"https:\/\/www.fichierprospects.online\/index.php\/product\/leads-senior-mutualite\/","title":{"rendered":"Leads s\u00e9nior mutualis\u00e9 &#8211; en 2025"},"content":{"rendered":"<p>Toutes les fiches contacts de nos prospects en mutuelle sont mises \u00e0 jour en temps r\u00e9el sur la plateforme d\u00e8s leur validation.<\/p>\n<p>LEADS MUTUALIS\u00c9S \u00c0 2 COURTIERS MAXIMUM<\/p>\n<p>Inscription Sans Engagement<br \/>\n100% En Temps R\u00e9el<\/p>\n<p>Comment \u00e7a marche :<\/p>\n<p>Choisissez la quantit\u00e9<br \/>\nCliquez sur &#8220;Ajouter au panier&#8221;<br \/>\nLes leads sont en quantit\u00e9s LIMITES! Premier venu premier servi<\/p>\n","protected":false},"excerpt":{"rendered":"<p>Toutes les fiches contacts de nos prospects en mutuelle sont mises \u00e0 jour en temps r\u00e9el sur la plateforme d\u00e8s leur validation.<\/p>\n<p>LEADS MUTUALIS\u00c9S \u00c0 3 COURTIERS MAXIMUM<\/p>\n<p>Inscription Sans Engagement<br \/>\n100% En Temps R\u00e9el<\/p>\n<p>Le fichier contient :<\/p>\n<p>Informations fournies pour chaque prospect: ( Nom , Pr\u00e9nom , E-mail, adresse , code postal , ville , telephone , date naissance &gt; 50 ans , NBR enfants , r\u00e9gime , date naissance conjoint )<br \/>\nFormat Fichier : Excel \u2013 xlsx<br \/>\nTraitement Bloctel avant livraison du fichier<\/p>\n<p>Une fois votre commande valid\u00e9e, celle ci sera envoy\u00e9e le jour m\u00eame \u00e0 l&#8217;adresse courriel que vous avez indiqu\u00e9e lors de votre\u00a0 commande.<\/p>\n<p>Comment \u00e7a marche :<\/p>\n<p>Choisissez la quantit\u00e9<br \/>\nCliquez sur &#8220;Ajouter au panier&#8221;<\/p>\n","protected":false},"featured_media":519,"comment_status":"open","ping_status":"closed","template":"","meta":[],"product_cat":[28],"product_tag":[],"class_list":["post-645","product","type-product","status-publish","has-post-thumbnail","hentry","product_cat-assurance"],"_links":{"self":[{"href":"https:\/\/www.fichierprospects.online\/index.php\/wp-json\/wp\/v2\/product\/645","targetHints":{"allow":["GET"]}}],"collection":[{"href":"https:\/\/www.fichierprospects.online\/index.php\/wp-json\/wp\/v2\/product"}],"about":[{"href":"https:\/\/www.fichierprospects.online\/index.php\/wp-json\/wp\/v2\/types\/product"}],"replies":[{"embeddable":true,"href":"https:\/\/www.fichierprospects.online\/index.php\/wp-json\/wp\/v2\/comments?post=645"}],"wp:featuredmedia":[{"embeddable":true,"href":"https:\/\/www.fichierprospects.online\/index.php\/wp-json\/wp\/v2\/media\/519"}],"wp:attachment":[{"href":"https:\/\/www.fichierprospects.online\/index.php\/wp-json\/wp\/v2\/media?parent=645"}],"wp:term":[{"taxonomy":"product_cat","embeddable":true,"href":"https:\/\/www.fichierprospects.online\/index.php\/wp-json\/wp\/v2\/product_cat?post=645"},{"taxonomy":"product_tag","embeddable":true,"href":"https:\/\/www.fichierprospects.online\/index.php\/wp-json\/wp\/v2\/product_tag?post=645"}],"curies":[{"name":"wp","href":"https:\/\/api.w.org\/{rel}","templated":true}]}}