{"id":909,"date":"2021-01-04T12:44:59","date_gmt":"2021-01-04T12:44:59","guid":{"rendered":"https:\/\/www.fichierprospects.online\/?post_type=product&#038;p=909"},"modified":"2025-12-19T12:07:33","modified_gmt":"2025-12-19T12:07:33","slug":"leads-assurance-sante","status":"publish","type":"product","link":"https:\/\/www.fichierprospects.online\/index.php\/product\/leads-assurance-sante\/","title":{"rendered":"Leads assurance sant\u00e9"},"content":{"rendered":"<p>Toutes les fiches de nos prospects en mutuelle sant\u00e9 s\u00e9nior sont mises \u00e0 jour en temps r\u00e9el sur la plateforme d\u00e8s leurs validations.<\/p>\n<p>Nos Leads sont hautement qualifi\u00e9s en assurance sant\u00e9 S\u00e9nior, ils sont issus de nos comparateurs en ligne avec un taux de transformation bien sup\u00e9rieur par rapport \u00e0 nos concurrents.<\/p>\n<p>le fichier est qualifi\u00e9 par nos services en fonction des sp\u00e9cificit\u00e9s du produit et adapt\u00e9s \u00e0 vos besoins et \u00e0 vos objectifs.<\/p>\n<p style=\"text-align: left;\"><span style=\"color: #339966;\"><strong>Le fichier contient :<\/strong><\/span><\/p>\n<p>Informations fournies pour chaque prospect: ( Nom , Pr\u00e9nom , E-mail, adresse , code postal , ville , telephone , date naissance \u00a0)<\/p>\n<ul>\n<li><strong>Format Fichier<\/strong> : Excel \u2013 xlsx<\/li>\n<li><strong>R\u00e9cence des contacts<\/strong> : <span style=\"color: #339966;\"><strong>2025<\/strong><\/span><\/li>\n<li><strong>Quantit\u00e9<\/strong>: <strong>10 000<\/strong> LEADS<\/li>\n<li><strong>PU<\/strong>: 0,05 Euro\/Lead<\/li>\n<li>Traitement Bloctel avant livraison du fichier<\/li>\n<\/ul>\n<div class=\"react-scroll-to-bottom--css-ksbbl-1n7m0yu\">\n<div class=\"flex flex-col pb-9 text-sm\">\n<div class=\"w-full text-token-text-primary sm:AIPRM__conversation__response\" data-testid=\"conversation-turn-55\">\n<div class=\"px-4 py-2 justify-center text-base md:gap-6 m-auto\">\n<div class=\"flex flex-1 text-base mx-auto gap-3 md:px-5 lg:px-1 xl:px-5 md:max-w-3xl lg:max-w-[40rem] xl:max-w-[48rem] group final-completion\">\n<div class=\"relative flex w-full flex-col lg:w-[calc(100%-115px)] agent-turn\">\n<div class=\"flex-col gap-1 md:gap-3\">\n<div class=\"flex flex-grow flex-col max-w-full\">\n<div class=\"min-h-[20px] text-message flex flex-col items-start gap-3 whitespace-pre-wrap break-words [.text-message+&amp;]:mt-5 overflow-x-auto\" data-message-author-role=\"assistant\" data-message-id=\"f93ae613-103b-45ac-ab85-decfb480d0c2\">\n<div class=\"markdown prose w-full break-words dark:prose-invert dark\">\n<p><img loading=\"lazy\" decoding=\"async\" class=\"size-full wp-image-1539 aligncenter\" src=\"https:\/\/www.fichierprospects.online\/wp-content\/uploads\/2021\/01\/Sans-titre-250-x-150-px-3.png\" alt=\"\" width=\"250\" height=\"150\" srcset=\"https:\/\/www.fichierprospects.online\/wp-content\/uploads\/2021\/01\/Sans-titre-250-x-150-px-3.png 250w, https:\/\/www.fichierprospects.online\/wp-content\/uploads\/2021\/01\/Sans-titre-250-x-150-px-3-248x150.png 248w\" sizes=\"auto, (max-width: 250px) 100vw, 250px\" \/><\/p>\n<\/div>\n<\/div>\n<\/div>\n<\/div>\n<\/div>\n<\/div>\n<\/div>\n<\/div>\n<\/div>\n<\/div>\n","protected":false},"excerpt":{"rendered":"<h2 style=\"text-align: center;\"><span style=\"color: #003366;\"><strong>Nouveau Fichier<\/strong> : <strong>Leads Assurance sant\u00e9 <span style=\"color: #339966;\">2025<\/span><\/strong><\/span><\/h2>\n<p>Contacts qualifi\u00e9s issus de nos plusieurs comparateurs d\u2019assurances en ligne ayant effectu\u00e9 des comparaisons de mutuelles.<\/p>\n<p style=\"text-align: center;\"><span style=\"color: #003366;\"><strong>ENTREZ EN RELATION AVEC VOS FUTURS CLIENTS !<\/strong><\/span><\/p>\n<p style=\"text-align: left;\"><span style=\"color: #339966;\"><strong>Le fichier contient :<\/strong><\/span><\/p>\n<p>Informations fournies pour chaque prospect: ( Nom , Pr\u00e9nom , E-mail, adresse , code postal , ville , telephone , date naissance \u00a0)<\/p>\n<ul>\n<li><strong>Format Fichier<\/strong> : Excel \u2013 xlsx<\/li>\n<li><strong>R\u00e9cence des contacts<\/strong> : <span style=\"color: #339966;\"><strong>2025<\/strong><\/span><\/li>\n<li><strong>Quantit\u00e9<\/strong>: <strong>10000<\/strong> LEADS<\/li>\n<li><strong>PU<\/strong>: 0,05 Euro\/Lead<\/li>\n<li>Traitement <strong>Bloctel<\/strong> avant livraison du fichier<\/li>\n<\/ul>\n<p>&nbsp;<\/p>\n<p style=\"text-align: center;\">\ud83d\udc47\u00a0<span style=\"color: #ff6600;\"><strong>Indiquez la quantit\u00e9 mentionn\u00e9e ci-dessous\u00a0<\/strong><\/span>\ud83d\udc47<\/p>\n","protected":false},"featured_media":544,"comment_status":"open","ping_status":"closed","template":"","meta":[],"product_cat":[28],"product_tag":[],"class_list":["post-909","product","type-product","status-publish","has-post-thumbnail","hentry","product_cat-assurance"],"_links":{"self":[{"href":"https:\/\/www.fichierprospects.online\/index.php\/wp-json\/wp\/v2\/product\/909","targetHints":{"allow":["GET"]}}],"collection":[{"href":"https:\/\/www.fichierprospects.online\/index.php\/wp-json\/wp\/v2\/product"}],"about":[{"href":"https:\/\/www.fichierprospects.online\/index.php\/wp-json\/wp\/v2\/types\/product"}],"replies":[{"embeddable":true,"href":"https:\/\/www.fichierprospects.online\/index.php\/wp-json\/wp\/v2\/comments?post=909"}],"wp:featuredmedia":[{"embeddable":true,"href":"https:\/\/www.fichierprospects.online\/index.php\/wp-json\/wp\/v2\/media\/544"}],"wp:attachment":[{"href":"https:\/\/www.fichierprospects.online\/index.php\/wp-json\/wp\/v2\/media?parent=909"}],"wp:term":[{"taxonomy":"product_cat","embeddable":true,"href":"https:\/\/www.fichierprospects.online\/index.php\/wp-json\/wp\/v2\/product_cat?post=909"},{"taxonomy":"product_tag","embeddable":true,"href":"https:\/\/www.fichierprospects.online\/index.php\/wp-json\/wp\/v2\/product_tag?post=909"}],"curies":[{"name":"wp","href":"https:\/\/api.w.org\/{rel}","templated":true}]}}